{"id":71,"date":"2023-07-17T02:15:47","date_gmt":"2023-07-17T05:15:47","guid":{"rendered":"https:\/\/www.agrobase.com.br\/estagios\/?page_id=71"},"modified":"2025-09-08T17:35:03","modified_gmt":"2025-09-08T20:35:03","slug":"publicar","status":"publish","type":"page","link":"https:\/\/www.agrobase.com.br\/estagios\/publicar\/","title":{"rendered":"Publicar est\u00e1gio"},"content":{"rendered":"<section class=\"bde-section-71-100 bde-section\">\n  \n  \n\t\n\n\n\n<div class=\"section-container\"><div class=\"bde-div-71-101 bde-div\">\n  \n  \n\t\n\n\n\n<div class=\"bde-text-71-102 bde-text\">\n<a href=\"https:\/\/www.agrobase.com.br\">Agrobase<\/a> \/ <a href=\"https:\/\/www.agrobase.com.br\/estagios\/\">Est\u00e1gios<\/a> \/\n<\/div><div class=\"bde-text-71-103 bde-text\">\nPublicar est\u00e1gio\n<\/div>\n<\/div><div class=\"bde-div-71-104 bde-div\">\n  \n  \n\t\n\n\n\n<div class=\"bde-div-71-105 bde-div\">\n  \n  \n\t\n\n\n\n<div class=\"bde-icon-71-106 bde-icon\">\n\n    \n            <div class=\"bde-icon-icon breakdance-icon-atom\" >\n    \n                    <svg xmlns=\"http:\/\/www.w3.org\/2000\/svg\" id=\"icon-terms-and-conditions\" viewBox=\"0 0 32 32\">\r\n<path d=\"M22.667 30.333h-18.667c-1.288-0.002-2.332-1.045-2.333-2.333v-24c0.002-1.288 1.045-2.332 2.333-2.333h18.667c1.288 0.002 2.332 1.045 2.333 2.333v14.667c0 0.552-0.448 1-1 1s-1-0.448-1-1v0-14.667c-0.002-0.183-0.15-0.331-0.333-0.333h-18.667c-0.183 0.002-0.331 0.15-0.333 0.333v24c0.002 0.183 0.15 0.331 0.333 0.333h18.667c0.113-0.046 0.245-0.073 0.383-0.073 0.424 0 0.788 0.255 0.949 0.619l0.003 0.007c0.051 0.115 0.081 0.25 0.081 0.391 0 0.405-0.246 0.753-0.598 0.902l-0.006 0.002c-0.236 0.096-0.51 0.152-0.796 0.152-0.005 0-0.010-0-0.016-0h0.001z\"\/>\r\n<path d=\"M19.333 9h-12c-0.552 0-1-0.448-1-1s0.448-1 1-1v0h12c0.552 0 1 0.448 1 1s-0.448 1-1 1v0z\"\/>\r\n<path d=\"M19.333 14.333h-12c-0.552 0-1-0.448-1-1s0.448-1 1-1v0h12c0.552 0 1 0.448 1 1s-0.448 1-1 1v0z\"\/>\r\n<path d=\"M16 19.667h-8.667c-0.552 0-1-0.448-1-1s0.448-1 1-1v0h8.667c0.552 0 1 0.448 1 1s-0.448 1-1 1v0z\"\/>\r\n<path d=\"M14.667 25h-7.333c-0.552 0-1-0.448-1-1s0.448-1 1-1v0h7.333c0.552 0 1 0.448 1 1s-0.448 1-1 1v0z\"\/>\r\n<path d=\"M24 30.333c-3.498 0-6.333-2.836-6.333-6.333s2.836-6.333 6.333-6.333c3.498 0 6.333 2.836 6.333 6.333v0c-0.004 3.496-2.837 6.329-6.333 6.333h-0zM24 19.667c-2.393 0-4.333 1.94-4.333 4.333s1.94 4.333 4.333 4.333c2.393 0 4.333-1.94 4.333-4.333v0c-0.003-2.392-1.941-4.33-4.333-4.333h-0z\"\/>\r\n<path d=\"M23.333 26.333c-0 0-0.001 0-0.001 0-0.276 0-0.525-0.112-0.706-0.293l-1.333-1.333c-0.183-0.181-0.295-0.432-0.295-0.71 0-0.552 0.448-1 1-1 0.277 0 0.528 0.113 0.71 0.295l0.626 0.626 1.96-1.96c0.181-0.179 0.43-0.29 0.704-0.29 0.552 0 1 0.448 1 1 0 0.275-0.111 0.524-0.29 0.704l-2.667 2.667c-0.18 0.181-0.43 0.293-0.706 0.293-0 0-0.001 0-0.001 0h0z\"\/>\r\n<\/svg>\n        \n        \n        \n            <\/div>\n    \n\n\n<\/div>\n<\/div><div class=\"bde-div-71-107 bde-div\">\n  \n  \n\t\n\n\n\n<h1 class=\"bde-heading-71-108 bde-heading\">\nPublicar est\u00e1gio\n<\/h1><div class=\"bde-text-71-109 bde-text\">\nPublique gratuitamente sua vaga de est\u00e1gio\u00a0\n<\/div>\n<\/div>\n<\/div><\/div>\n<\/section><section class=\"bde-section-71-110 bde-section\">\n  \n  \n\t\n\n\n\n<div class=\"section-container\"><div class=\"bde-div-71-111 bde-div\">\n  \n  \n\t\n\n\n\n<div class=\"bde-form-builder-71-113 bde-form-builder\">\n\n\n<form id=\"contact-form113\" class=\"breakdance-form breakdance-form--vertical\" data-options=\"{&quot;slug&quot;:&quot;custom&quot;,&quot;name&quot;:&quot;Contact Form&quot;,&quot;ajaxUrl&quot;:&quot;https:\\\/\\\/www.agrobase.com.br\\\/estagios\\\/wp-admin\\\/admin-ajax.php&quot;,&quot;clearOnSuccess&quot;:true,&quot;hideOnSuccess&quot;:false,&quot;successMessage&quot;:&quot;The form was submitted successfully.&quot;,&quot;errorMessage&quot;:&quot;N\\u00e3o foi poss\\u00edvel processar seu envio&quot;,&quot;redirect&quot;:true,&quot;redirectUrl&quot;:&quot;https:\\\/\\\/www.agrobase.com.br\\\/estagios\\\/publicar\\\/enviado\\\/&quot;,&quot;customJavaScript&quot;:&quot;&quot;,&quot;recaptcha&quot;:{&quot;key&quot;:&quot;&quot;,&quot;enabled&quot;:false},&quot;honeypot_enabled&quot;:true,&quot;popupsOnSuccess&quot;:[],&quot;popupsOnError&quot;:[]}\" data-steps=\"0\" >\n  \n  \n  \n<div class=\"breakdance-form-field breakdance-form-field--html\" >\n    \n    \n    \n    <div class=\"form-input-html\"\n    >\n  <h3>Dados do  Cadastrante<\/h3>\n<\/div>\n\n\n    \n    \n<\/div>\n\n\n<div class=\"breakdance-form-field breakdance-form-field--text\" >\n    \n    \n            <label class=\"breakdance-form-field__label\" for=\"nome\">\n            Informe seu nome<span class=\"breakdance-form-field__required\">*<\/span>\n        <\/label>\n    \n    <input\n    class=\"breakdance-form-field__input\"\n    id=\"nome\"\n    aria-describedby=\"nome\"\n    type=\"text\"\n    name=\"fields[nome]\"\n    placeholder=\"Seu nome completo\"\n    value=\"\"\n                \n        \n        \n    required\n    \n    \n>\n\n\n    \n    \n<\/div>\n\n\n<div class=\"breakdance-form-field breakdance-form-field--email\" >\n    \n    \n            <label class=\"breakdance-form-field__label\" for=\"email\">\n            Informe seu e-mail<span class=\"breakdance-form-field__required\">*<\/span>\n        <\/label>\n    \n    <input\n    class=\"breakdance-form-field__input\"\n    id=\"email\"\n    aria-describedby=\"email\"\n    type=\"email\"\n    name=\"fields[email]\"\n    placeholder=\"Seu e-mail de contato\"\n    value=\"\"\n                \n        \n        \n    required\n    \n    \n>\n\n\n    \n    \n<\/div>\n\n\n<div class=\"breakdance-form-field breakdance-form-field--html\" >\n    \n    \n    \n    <div class=\"form-input-html\"\n    >\n  <p style=\"font-size:12px;margin-top:-10px;\">IMPORTANTE: este e-mail ser\u00e1 utilizado apenas para controle interno da Agrobase. N\u00e3o ser\u00e1 divulgado publicamente e n\u00e3o ser\u00e1 utilizado para candidaturas (exceto declare este e-mail como destino das cadidaturas no t\u00e9rmino do formul\u00e1rio). Informe um e-mail corporativo para aumentar as chances de ter sua vaga aprovada rapidamente.<\/p>\n<\/div>\n\n\n    \n    \n<\/div>\n\n\n<div class=\"breakdance-form-field breakdance-form-field--html\" >\n    \n    \n    \n    <div class=\"form-input-html\"\n    >\n  <h3>Dados da  Contratante<\/h3>\n<\/div>\n\n\n    \n    \n<\/div>\n\n\n<div class=\"breakdance-form-field breakdance-form-field--text\" >\n    \n    \n            <label class=\"breakdance-form-field__label\" for=\"empresa\">\n            Nome da empresa ou institui\u00e7\u00e3o\n        <\/label>\n    \n    <input\n    class=\"breakdance-form-field__input\"\n    id=\"empresa\"\n    aria-describedby=\"empresa\"\n    type=\"text\"\n    name=\"fields[empresa]\"\n    placeholder=\"Informe o nome da empresa ou institui\u00e7\u00e3o contratante\"\n    value=\"\"\n                \n        \n        \n    \n    \n    \n>\n\n\n    \n    \n<\/div>\n\n\n<div class=\"breakdance-form-field breakdance-form-field--html\" >\n    \n    \n    \n    <div class=\"form-input-html\"\n    >\n  <h3>Dados do Est\u00e1gio<\/h3>\n<\/div>\n\n\n    \n    \n<\/div>\n\n\n<div class=\"breakdance-form-field breakdance-form-field--text\" >\n    \n    \n            <label class=\"breakdance-form-field__label\" for=\"titulo\">\n            T\u00edtulo do Est\u00e1gio<span class=\"breakdance-form-field__required\">*<\/span>\n        <\/label>\n    \n    <input\n    class=\"breakdance-form-field__input\"\n    id=\"titulo\"\n    aria-describedby=\"titulo\"\n    type=\"text\"\n    name=\"fields[titulo]\"\n    placeholder=\"Informe o t\u00edtulo do Est\u00e1gio\"\n    value=\"\"\n                \n        \n        \n    required\n    \n    \n>\n\n\n    \n    \n<\/div>\n\n\n<div class=\"breakdance-form-field breakdance-form-field--date\" >\n    \n    \n            <label class=\"breakdance-form-field__label\" for=\"prazo\">\n            Prazo final de candidaturas\n        <\/label>\n    \n    <input\n    class=\"breakdance-form-field__input\"\n    id=\"prazo\"\n    aria-describedby=\"prazo\"\n    type=\"date\"\n    name=\"fields[prazo]\"\n    placeholder=\"\"\n    value=\"\"\n                \n        \n        \n    \n    \n    \n>\n\n\n    \n    \n<\/div>\n\n\n<div class=\"breakdance-form-field breakdance-form-field--select\" >\n    \n    \n            <label class=\"breakdance-form-field__label\" for=\"forma\">\n            Como voc\u00ea submeter\u00e1 as informa\u00e7\u00f5es do est\u00e1gio?<span class=\"breakdance-form-field__required\">*<\/span>\n        <\/label>\n    \n    <select\n    class=\"breakdance-form-field__input\"\n    id=\"forma\"\n    name=\"fields[forma]\"\n    required\n    \n        >\n      <option value=\"\">Selecione...<\/option>\n          <option value=\"texto\" >Via texto de divulga\u00e7\u00e3o<\/option>\n        <option value=\"Via imagem de divulga\u00e7\u00e3o\" >Via imagem de divulga\u00e7\u00e3o<\/option>\n        <option value=\"Via arquivo DOC ou PDF\" >Via arquivo DOC ou PDF<\/option>\n  <\/select>\n\n\n    \n    \n<\/div>\n\n\n<div class=\"breakdance-form-field breakdance-form-field--file\" >\n    \n    \n            <label class=\"breakdance-form-field__label\" for=\"documentos\">\n            Arquivos de divulga\u00e7\u00e3o do est\u00e1gio<span class=\"breakdance-form-field__required\">*<\/span>\n        <\/label>\n    \n    <label for=\"documentos\" class=\"breakdance-form-file-upload breakdance-form-file-upload--draggable\">\n\n            <span class=\"breakdance-form-dropzone\" tabindex=\"0\">\n            <svg class=\"breakdance-form-dropzone__icon\" width=\"48\" stroke=\"currentColor\" fill=\"none\" viewBox=\"0 0 48 48\" aria-hidden=\"true\">\n                <path d=\"M28 8H12a4 4 0 00-4 4v20m32-12v8m0 0v8a4 4 0 01-4 4H12a4 4 0 01-4-4v-4m32-4l-3.172-3.172a4 4 0 00-5.656 0L28 28M8 32l9.172-9.172a4 4 0 015.656 0L28 28m0 0l4 4m4-24h8m-4-4v8m-12 4h.02\" stroke-width=\"2\" stroke-linecap=\"round\" stroke-linejoin=\"round\"><\/path>\n            <\/svg>\n\n            <span class=\"breakdance-form-dropzone__title\">\n                <span>Selecione o arquivo<\/span> ou arraste e solte aqui.\n            <\/span>\n            <span class=\"breakdance-form-dropzone__accepts\">\n                              jpg, jpeg, jpe, png, gif, pdf, doc, docx\n                            at\u00e9 6MB\n            <\/span>\n        <\/span>\n    \n    <input\n        id=\"documentos\"\n        name=\"fields[documentos][]\"\n        type=\"file\"\n        class=\"breakdance-form-file-upload__input\"\n        accept=\"image\/jpeg,image\/png,image\/gif,application\/pdf,application\/msword,application\/vnd.openxmlformats-officedocument.wordprocessingml.document\"\n        multiple\n        required\n                        data-conditional-field-id=\"forma\"\n            data-conditional-value=\"Via arquivo DOC ou PDF\"\n        data-conditional-operand=\"equals\"\n\n                data-max-files=\"4\"\n        data-i18n-empty-text=\"Nenhum arquivo selecionado\"\n        data-i18n-filled-text=\"%n files\"\n        data-i18n-error-text=\"Only %n file(s) allowed.\"\n    >\n<\/label>\n\n    <ul class=\"breakdance-form-files-list\"><\/ul>\n\n\n    \n    \n<\/div>\n\n\n<div class=\"breakdance-form-field breakdance-form-field--file\" >\n    \n    \n            <label class=\"breakdance-form-field__label\" for=\"imagens\">\n            Imagens de divulga\u00e7\u00e3o do est\u00e1gio<span class=\"breakdance-form-field__required\">*<\/span>\n        <\/label>\n    \n    <label for=\"imagens\" class=\"breakdance-form-file-upload breakdance-form-file-upload--draggable\">\n\n            <span class=\"breakdance-form-dropzone\" tabindex=\"0\">\n            <svg class=\"breakdance-form-dropzone__icon\" width=\"48\" stroke=\"currentColor\" fill=\"none\" viewBox=\"0 0 48 48\" aria-hidden=\"true\">\n                <path d=\"M28 8H12a4 4 0 00-4 4v20m32-12v8m0 0v8a4 4 0 01-4 4H12a4 4 0 01-4-4v-4m32-4l-3.172-3.172a4 4 0 00-5.656 0L28 28M8 32l9.172-9.172a4 4 0 015.656 0L28 28m0 0l4 4m4-24h8m-4-4v8m-12 4h.02\" stroke-width=\"2\" stroke-linecap=\"round\" stroke-linejoin=\"round\"><\/path>\n            <\/svg>\n\n            <span class=\"breakdance-form-dropzone__title\">\n                <span>Selecione o arquivo<\/span> ou arraste e solte aqui.\n            <\/span>\n            <span class=\"breakdance-form-dropzone__accepts\">\n                              jpg, jpeg, jpe, png, gif, pdf, doc, docx\n                            at\u00e9 10MB\n            <\/span>\n        <\/span>\n    \n    <input\n        id=\"imagens\"\n        name=\"fields[imagens][]\"\n        type=\"file\"\n        class=\"breakdance-form-file-upload__input\"\n        accept=\"image\/jpeg,image\/png,image\/gif,application\/pdf,application\/msword,application\/vnd.openxmlformats-officedocument.wordprocessingml.document\"\n        multiple\n        required\n                        data-conditional-field-id=\"forma\"\n            data-conditional-value=\"Via imagem de divulga\u00e7\u00e3o\"\n        data-conditional-operand=\"equals\"\n\n                data-max-files=\"4\"\n        data-i18n-empty-text=\"Nenhum arquivo selecionado\"\n        data-i18n-filled-text=\"%n files\"\n        data-i18n-error-text=\"Only %n file(s) allowed.\"\n    >\n<\/label>\n\n    <ul class=\"breakdance-form-files-list\"><\/ul>\n\n\n    \n    \n<\/div>\n\n\n<div class=\"breakdance-form-field breakdance-form-field--textarea\" >\n    \n    \n            <label class=\"breakdance-form-field__label\" for=\"texto\">\n            Texto de Divulga\u00e7\u00e3o do Est\u00e1gio<span class=\"breakdance-form-field__required\">*<\/span>\n        <\/label>\n    \n    <textarea\n    class=\"breakdance-form-field__input\"\n    id=\"texto\"\n    aria-describedby=\"texto\"\n    type=\"textarea\"\n    name=\"fields[texto]\"\n        placeholder=\"Informe aqui o texto de divulga\u00e7\u00e3o do est\u00e1gio\"\n    required\n                data-conditional-field-id=\"forma\"\n            data-conditional-value=\"texto\"\n        data-conditional-operand=\"equals\"\n\n    >\n<\/textarea>\n\n\n    \n    \n<\/div>\n\n\n<div class=\"breakdance-form-field breakdance-form-field--select\" >\n    \n    \n            <label class=\"breakdance-form-field__label\" for=\"candidatura\">\n            Forma de Candidatura<span class=\"breakdance-form-field__required\">*<\/span>\n        <\/label>\n    \n    <select\n    class=\"breakdance-form-field__input\"\n    id=\"candidatura\"\n    name=\"fields[candidatura]\"\n    required\n    \n        >\n      <option value=\"\">Selecione...<\/option>\n          <option value=\"link\" >Via link<\/option>\n        <option value=\"email\" >Via e-mail<\/option>\n        <option value=\"whats\" >Via WhatsApp<\/option>\n  <\/select>\n\n\n    \n    \n<\/div>\n\n\n<div class=\"breakdance-form-field breakdance-form-field--url\" >\n    \n    \n            <label class=\"breakdance-form-field__label\" for=\"link\">\n            Link de Candidatura<span class=\"breakdance-form-field__required\">*<\/span>\n        <\/label>\n    \n    <input\n    class=\"breakdance-form-field__input\"\n    id=\"link\"\n    aria-describedby=\"link\"\n    type=\"url\"\n    name=\"fields[link]\"\n    placeholder=\"Informe o link para candidatura\"\n    value=\"\"\n                data-conditional-field-id=\"candidatura\"\n            data-conditional-value=\"link\"\n        data-conditional-operand=\"equals\"\n\n                \n        \n        \n    required\n    \n    \n>\n\n\n    \n    \n<\/div>\n\n\n<div class=\"breakdance-form-field breakdance-form-field--email\" >\n    \n    \n            <label class=\"breakdance-form-field__label\" for=\"email_candidatura\">\n            E-mail de candidatura<span class=\"breakdance-form-field__required\">*<\/span>\n        <\/label>\n    \n    <input\n    class=\"breakdance-form-field__input\"\n    id=\"email_candidatura\"\n    aria-describedby=\"email_candidatura\"\n    type=\"email\"\n    name=\"fields[email_candidatura]\"\n    placeholder=\"Informe o e-mail para candidatura\"\n    value=\"\"\n                data-conditional-field-id=\"candidatura\"\n            data-conditional-value=\"email\"\n        data-conditional-operand=\"equals\"\n\n                \n        \n        \n    required\n    \n    \n>\n\n\n    \n    \n<\/div>\n\n\n<div class=\"breakdance-form-field breakdance-form-field--tel\" >\n    \n    \n            <label class=\"breakdance-form-field__label\" for=\"whatsapp\">\n            WhatsApp de Canditatura<span class=\"breakdance-form-field__required\">*<\/span>\n        <\/label>\n    \n    <input\n    class=\"breakdance-form-field__input\"\n    id=\"whatsapp\"\n    aria-describedby=\"whatsapp\"\n    type=\"tel\"\n    name=\"fields[whatsapp]\"\n    placeholder=\"Informe o n\u00famero WhatsApp para candidatura\"\n    value=\"\"\n                data-conditional-field-id=\"candidatura\"\n            data-conditional-value=\"whats\"\n        data-conditional-operand=\"equals\"\n\n                \n        \n        \n    required\n    \n    \n>\n\n\n    \n    \n<\/div>\n\n\n<div class=\"breakdance-form-field breakdance-form-field--hpinput\" >\n    \n    \n            <label class=\"breakdance-form-field__label\" for=\"hpname\">\n            HP Name\n        <\/label>\n    \n    <input\n    class=\"breakdance-form-field__input\"\n    id=\"hpname\"\n    aria-describedby=\"hpname\"\n    type=\"hpinput\"\n    name=\"fields[hpname]\"\n    placeholder=\"\"\n    value=\"\"\n                \n        \n        \n    \n    autocomplete=\"off\"\n    tabindex=-1\n>\n\n\n    \n    \n<\/div>\n\n\n  \n\n<div class=\"breakdance-form-field breakdance-form-footer\">\n    \n    \n                                    \n    \n    \n    \n    \n            \n            <button type=\"submit\" class=\"button-atom button-atom--primary breakdance-form-button breakdance-form-button__submit\"  >\n    \n        <span class=\"button-atom__text\">ENVIAR EST\u00c1GIO<\/span>\n\n        \n        \n            <\/button>\n    \n    <input type=\"hidden\" name=\"form_id\" value=\"113\">\n    <input type=\"hidden\" name=\"post_id\" value=\"71\">\n<\/div>\n\n  \n<\/form>\n\n\n\n<\/div>\n<\/div><\/div>\n<\/section>","protected":false},"excerpt":{"rendered":"<p>Agrobase \/ Est\u00e1gios \/ Publicar est\u00e1gio Publicar est\u00e1gio Publique gratuitamente sua vaga de est\u00e1gio\u00a0 Dados do Cadastrante Informe seu nome* Informe seu e-mail* IMPORTANTE: este e-mail ser\u00e1 utilizado apenas para controle interno da Agrobase. N\u00e3o ser\u00e1 divulgado publicamente e n\u00e3o ser\u00e1 utilizado para candidaturas (exceto declare este e-mail como destino das cadidaturas no t\u00e9rmino do [&hellip;]<\/p>\n","protected":false},"author":1,"featured_media":0,"parent":0,"menu_order":0,"comment_status":"closed","ping_status":"closed","template":"","meta":{"_acf_changed":false,"_breakdance_hide_in_design_set":false,"_breakdance_tags":"","footnotes":""},"class_list":["post-71","page","type-page","status-publish","hentry"],"acf":[],"_links":{"self":[{"href":"https:\/\/www.agrobase.com.br\/estagios\/wp-json\/wp\/v2\/pages\/71","targetHints":{"allow":["GET"]}}],"collection":[{"href":"https:\/\/www.agrobase.com.br\/estagios\/wp-json\/wp\/v2\/pages"}],"about":[{"href":"https:\/\/www.agrobase.com.br\/estagios\/wp-json\/wp\/v2\/types\/page"}],"author":[{"embeddable":true,"href":"https:\/\/www.agrobase.com.br\/estagios\/wp-json\/wp\/v2\/users\/1"}],"replies":[{"embeddable":true,"href":"https:\/\/www.agrobase.com.br\/estagios\/wp-json\/wp\/v2\/comments?post=71"}],"version-history":[{"count":12,"href":"https:\/\/www.agrobase.com.br\/estagios\/wp-json\/wp\/v2\/pages\/71\/revisions"}],"predecessor-version":[{"id":25816,"href":"https:\/\/www.agrobase.com.br\/estagios\/wp-json\/wp\/v2\/pages\/71\/revisions\/25816"}],"wp:attachment":[{"href":"https:\/\/www.agrobase.com.br\/estagios\/wp-json\/wp\/v2\/media?parent=71"}],"curies":[{"name":"wp","href":"https:\/\/api.w.org\/{rel}","templated":true}]}}